{"id":139,"date":"2024-02-05T12:56:46","date_gmt":"2024-02-05T12:56:46","guid":{"rendered":"https:\/\/focolares.es\/?page_id=139"},"modified":"2025-02-07T22:42:49","modified_gmt":"2025-02-07T21:42:49","slug":"families-and-couples","status":"publish","type":"page","link":"https:\/\/focolares.es\/en\/familias-y-parejas\/","title":{"rendered":"Families and couples"},"content":{"rendered":"<div style=\"height:20px\" aria-hidden=\"true\" class=\"wp-block-spacer\"><\/div>\n\n\n\n<h4 class=\"wp-block-heading has-text-align-right\"><em>\u201cOur families have the capacity to bear witness, to announce, to heal the social fabric that surrounds them, because life speaks and acts on its own.\u201d (Chiara Lubich)<\/em><\/h4>\n\n\n\n<div style=\"height:40px\" aria-hidden=\"true\" class=\"wp-block-spacer\"><\/div>\n\n\n\n<p>If you are part of a family, a couple or simply have an interest in this field, we invite you to experience with us the <strong>charisma of unity<\/strong>. Here you can share experiences, learn and become a light that inspires others.<\/p>\n\n\n\n<p>The ways to participate are varied and flexible:<\/p>\n\n\n\n<ul class=\"wp-block-list\">\n<li>Through our communities, present throughout the territory.<\/li>\n\n\n\n<li>As parents of children and young people who are part of our activities.<\/li>\n\n\n\n<li>At special holiday gatherings, such as the <strong>Mariapolis<\/strong>.<\/li>\n\n\n\n<li class=\"translation-block\">In training sessions, or specifically, through the <strong>New Families<\/strong> movement.<\/li>\n<\/ul>\n\n\n\n<p><\/p>\n\n\n\n<h4 class=\"wp-block-heading\">New families<\/h4>\n\n\n\n<p>This movement, described by its founder Chiara Lubich as \u201cexplosive, apostolic and diffusive\u201d, is oriented towards the world of the family. It is made up of families committed to living the spirituality of unity and to radiating values that promote universal brotherhood in their environment.<\/p>\n\n\n\n<p>Thousands of couples, married couples and engaged couples have found in this path a source of strength for their bonds, thanks to the love that springs from the Gospel lived. Their testimony becomes a beacon of inspiration for others, helping to extend this lifestyle to more families around the world.<\/p>\n\n\n\n<figure class=\"wp-block-image size-large\"><img fetchpriority=\"high\" decoding=\"async\" width=\"1024\" height=\"683\" src=\"https:\/\/focolares.es\/wp-content\/uploads\/2024\/04\/pexels-fauxels-3184437-1024x683.jpg\" alt=\"\" class=\"wp-image-10050\" style=\"aspect-ratio:16\/9;object-fit:cover\" srcset=\"https:\/\/focolares.es\/wp-content\/uploads\/2024\/04\/pexels-fauxels-3184437-1024x683.jpg 1024w, https:\/\/focolares.es\/wp-content\/uploads\/2024\/04\/pexels-fauxels-3184437-300x200.jpg 300w, https:\/\/focolares.es\/wp-content\/uploads\/2024\/04\/pexels-fauxels-3184437-768x512.jpg 768w, https:\/\/focolares.es\/wp-content\/uploads\/2024\/04\/pexels-fauxels-3184437-1536x1024.jpg 1536w, https:\/\/focolares.es\/wp-content\/uploads\/2024\/04\/pexels-fauxels-3184437-2048x1365.jpg 2048w, https:\/\/focolares.es\/wp-content\/uploads\/2024\/04\/pexels-fauxels-3184437-18x12.jpg 18w\" sizes=\"(max-width: 1024px) 100vw, 1024px\" \/><\/figure>\n\n\n\n<p><em>New Families<\/em> responds to the current challenges of families, following the spirit of Pope Francis&#039;s Amoris Laetitia. Beyond words, this response is born from the experience of many families who, with their daily witness and their involvement in solidarity projects, are contributing to renewing society.<\/p>\n\n\n\n<p><a href=\"https:\/\/www.focolare.org\/famiglienuove\/en\/\" target=\"_blank\" rel=\"noreferrer noopener\">International Web<\/a><\/p>\n\n\n\n<details class=\"wp-block-details is-layout-flow wp-block-details-is-layout-flow\"><summary>Read more<\/summary>\n<p><\/p>\n\n\n\n<h5 class=\"wp-block-heading\"><strong>New Family Actions<\/strong><\/h5>\n\n\n\n<p><a href=\"https:\/\/afnonlus.org\/es\/\" target=\"_blank\" rel=\"noreferrer noopener\">Acciones de Familias Nuevas (AFN)<\/a> is a non-profit public benefit organization in Spain. It works with a clear purpose: to support families as spaces where relationships based on acceptance, free will, solidarity and the dignity of the person flourish.<\/p>\n\n\n\n<p>Among its initiatives are:<\/p>\n\n\n\n<ul class=\"wp-block-list\">\n<li><strong>International adoptions<\/strong>: offering a loving home to children in need.<\/li>\n\n\n\n<li><strong>Social and educational projects<\/strong>: support networks for those who need it most.<\/li>\n\n\n\n<li><strong>Commitment to sustainable development<\/strong>: working with a deeply human approach.<\/li>\n<\/ul>\n\n\n\n<p><\/p>\n\n\n\n<h5 class=\"wp-block-heading\"><strong><em>I see, I see<\/em>\u2026the gaze of childhood<\/strong><\/h5>\n\n\n\n<p>This program seeks to bring together families and educators to share experiences, hear new perspectives and address the challenges posed by today&#039;s children.<\/p>\n\n\n\n<p>With three complementary meetings\/workshops, <strong>I see, I see<\/strong> is a space for mutual learning that is currently taking place in Madrid. It is an invitation to discover together how to build a better future for the little ones.<\/p>\n<\/details>\n\n\n\n<div style=\"height:61px\" aria-hidden=\"true\" class=\"wp-block-spacer\"><\/div>","protected":false},"excerpt":{"rendered":"<p>\u201cOur families have the capacity to bear witness, to announce, to heal the social fabric that surrounds them, because life speaks and works on its own.\u201d (Chiara Lubich) If you are part of a family, a couple or simply have an interest in this field, we invite you to experience the charism of unity with us. Here you can share experiences, be trained and become a light that inspires others. The ways to participate are varied and flexible: New families This movement, described by its founder Chiara Lubich as \u201cexplosive, apostolic and diffusive\u201d, is oriented to the world of the family. It is made up of families committed to living the spirituality of unity and to radiating values that promote universal brotherhood in their environment. Thousands of couples, married couples and engaged couples have found in this path a source of strength for their bonds, thanks to the love that springs from the lived Gospel. Their testimony becomes a beacon of inspiration for others, helping to extend this lifestyle to more families around the world. New Families responds to the current challenges of families, following the spirit of Pope Francis&#039;s Amoris Laetitia. Beyond words, this response is born from the experience of many families who, with their daily testimony and their involvement in solidarity projects, are contributing to renewing society. International Website<\/p>","protected":false},"author":1,"featured_media":0,"parent":0,"menu_order":0,"comment_status":"closed","ping_status":"closed","template":"","meta":{"_price":"","_stock":"","_tribe_ticket_header":"","_tribe_default_ticket_provider":"","_tribe_ticket_capacity":"0","_ticket_start_date":"","_ticket_end_date":"","_tribe_ticket_show_description":"","_tribe_ticket_show_not_going":false,"_tribe_ticket_use_global_stock":"","_tribe_ticket_global_stock_level":"","_global_stock_mode":"","_global_stock_cap":"","_tribe_rsvp_for_event":"","_tribe_ticket_going_count":"","_tribe_ticket_not_going_count":"","_tribe_tickets_list":"[]","_tribe_ticket_has_attendee_info_fields":false,"footnotes":"","_tec_slr_enabled":"","_tec_slr_layout":""},"class_list":["post-139","page","type-page","status-publish","hentry"],"yoast_head":"<!-- This site is optimized with the Yoast SEO plugin v27.2 - https:\/\/yoast.com\/product\/yoast-seo-wordpress\/ -->\n<title>Familias y parejas - Movimiento de los Focolares<\/title>\n<meta name=\"robots\" content=\"index, follow, max-snippet:-1, max-image-preview:large, max-video-preview:-1\" \/>\n<link rel=\"canonical\" href=\"https:\/\/focolares.es\/en\/families-and-couples\/\" \/>\n<meta property=\"og:locale\" content=\"en_GB\" \/>\n<meta property=\"og:type\" content=\"article\" \/>\n<meta property=\"og:title\" content=\"Familias y parejas - Movimiento de los Focolares\" \/>\n<meta property=\"og:description\" content=\"\u201cNuestras familias tienen la capacidad de testimoniar, anunciar, sanar el tejido social que les rodea, porque la vida habla y obra por s\u00ed sola\u201d. (Chiara Lubich) Si eres parte de una familia, una pareja o simplemente tienes inter\u00e9s en este \u00e1mbito, te invitamos a experimentar con nosotros el carisma de la unidad. Aqu\u00ed podr\u00e1s compartir vivencias, formarte y convertirte en una luz que inspire a otros. Las formas de participar son variadas y flexibles: Familias nuevas Este movimiento, descrito por su fundadora Chiara Lubich como \u201cexplosivo, apost\u00f3lico y difusivo\u201d, est\u00e1 orientado al mundo de la familia. Lo integran familias comprometidas con vivir la espiritualidad de la unidad y con irradiar valores que promuevan la fraternidad universal en su entorno. Miles de parejas, matrimonios y novios han encontrado en este camino una fuente de fortaleza para sus v\u00ednculos, gracias al amor que brota del Evangelio vivido. Su testimonio se convierte en un faro de inspiraci\u00f3n para otros, ayudando a extender este estilo de vida a m\u00e1s familias alrededor del mundo. Familias Nuevas responde a los desaf\u00edos actuales de las familias, siguiendo el esp\u00edritu de \u00abAmoris Laetitia\u00bb del Papa Francisco. M\u00e1s all\u00e1 de las palabras, esta respuesta nace de la experiencia de muchas familias que, con su testimonio diario y su implicaci\u00f3n en proyectos solidarios, est\u00e1n contribuyendo a renovar la sociedad. Web Internacional\" \/>\n<meta property=\"og:url\" content=\"https:\/\/focolares.es\/en\/families-and-couples\/\" \/>\n<meta property=\"og:site_name\" content=\"Movimiento de los Focolares\" \/>\n<meta property=\"article:modified_time\" content=\"2025-02-07T21:42:49+00:00\" \/>\n<meta property=\"og:image\" content=\"https:\/\/focolares.es\/wp-content\/uploads\/2024\/04\/pexels-fauxels-3184437-scaled.jpg\" \/>\n\t<meta property=\"og:image:width\" content=\"2560\" \/>\n\t<meta property=\"og:image:height\" content=\"1707\" \/>\n\t<meta property=\"og:image:type\" content=\"image\/jpeg\" \/>\n<meta name=\"twitter:card\" content=\"summary_large_image\" \/>\n<meta name=\"twitter:label1\" content=\"Estimated reading time\" \/>\n\t<meta name=\"twitter:data1\" content=\"3 minutes\" \/>\n<script type=\"application\/ld+json\" class=\"yoast-schema-graph\">{\"@context\":\"https:\/\/schema.org\",\"@graph\":[{\"@type\":\"WebPage\",\"@id\":\"https:\/\/focolares.es\/familias-y-parejas\/\",\"url\":\"https:\/\/focolares.es\/familias-y-parejas\/\",\"name\":\"Familias y parejas - Movimiento de los Focolares\",\"isPartOf\":{\"@id\":\"https:\/\/focolares.es\/#website\"},\"primaryImageOfPage\":{\"@id\":\"https:\/\/focolares.es\/familias-y-parejas\/#primaryimage\"},\"image\":{\"@id\":\"https:\/\/focolares.es\/familias-y-parejas\/#primaryimage\"},\"thumbnailUrl\":\"https:\/\/focolares.es\/wp-content\/uploads\/2024\/04\/pexels-fauxels-3184437-1024x683.jpg\",\"datePublished\":\"2024-02-05T12:56:46+00:00\",\"dateModified\":\"2025-02-07T21:42:49+00:00\",\"breadcrumb\":{\"@id\":\"https:\/\/focolares.es\/familias-y-parejas\/#breadcrumb\"},\"inLanguage\":\"en-GB\",\"potentialAction\":[{\"@type\":\"ReadAction\",\"target\":[\"https:\/\/focolares.es\/familias-y-parejas\/\"]}]},{\"@type\":\"ImageObject\",\"inLanguage\":\"en-GB\",\"@id\":\"https:\/\/focolares.es\/familias-y-parejas\/#primaryimage\",\"url\":\"https:\/\/focolares.es\/wp-content\/uploads\/2024\/04\/pexels-fauxels-3184437-1024x683.jpg\",\"contentUrl\":\"https:\/\/focolares.es\/wp-content\/uploads\/2024\/04\/pexels-fauxels-3184437-1024x683.jpg\"},{\"@type\":\"BreadcrumbList\",\"@id\":\"https:\/\/focolares.es\/familias-y-parejas\/#breadcrumb\",\"itemListElement\":[{\"@type\":\"ListItem\",\"position\":1,\"name\":\"Portada\",\"item\":\"https:\/\/focolares.es\/\"},{\"@type\":\"ListItem\",\"position\":2,\"name\":\"Familias y parejas\"}]},{\"@type\":\"WebSite\",\"@id\":\"https:\/\/focolares.es\/#website\",\"url\":\"https:\/\/focolares.es\/\",\"name\":\"Movimiento de los Focolares\",\"description\":\"\",\"publisher\":{\"@id\":\"https:\/\/focolares.es\/#organization\"},\"potentialAction\":[{\"@type\":\"SearchAction\",\"target\":{\"@type\":\"EntryPoint\",\"urlTemplate\":\"https:\/\/focolares.es\/?s={search_term_string}\"},\"query-input\":{\"@type\":\"PropertyValueSpecification\",\"valueRequired\":true,\"valueName\":\"search_term_string\"}}],\"inLanguage\":\"en-GB\"},{\"@type\":\"Organization\",\"@id\":\"https:\/\/focolares.es\/#organization\",\"name\":\"Movimiento de los Focolares\",\"url\":\"https:\/\/focolares.es\/\",\"logo\":{\"@type\":\"ImageObject\",\"inLanguage\":\"en-GB\",\"@id\":\"https:\/\/focolares.es\/#\/schema\/logo\/image\/\",\"url\":\"https:\/\/focolares.es\/wp-content\/uploads\/2024\/03\/Logo_focolares-1024x944-1.jpg\",\"contentUrl\":\"https:\/\/focolares.es\/wp-content\/uploads\/2024\/03\/Logo_focolares-1024x944-1.jpg\",\"width\":1024,\"height\":944,\"caption\":\"Movimiento de los Focolares\"},\"image\":{\"@id\":\"https:\/\/focolares.es\/#\/schema\/logo\/image\/\"}}]}<\/script>\n<!-- \/ Yoast SEO plugin. -->","yoast_head_json":{"title":"Families and couples - Focolare Movement","robots":{"index":"index","follow":"follow","max-snippet":"max-snippet:-1","max-image-preview":"max-image-preview:large","max-video-preview":"max-video-preview:-1"},"canonical":"https:\/\/focolares.es\/en\/families-and-couples\/","og_locale":"en_GB","og_type":"article","og_title":"Familias y parejas - Movimiento de los Focolares","og_description":"\u201cNuestras familias tienen la capacidad de testimoniar, anunciar, sanar el tejido social que les rodea, porque la vida habla y obra por s\u00ed sola\u201d. (Chiara Lubich) Si eres parte de una familia, una pareja o simplemente tienes inter\u00e9s en este \u00e1mbito, te invitamos a experimentar con nosotros el carisma de la unidad. Aqu\u00ed podr\u00e1s compartir vivencias, formarte y convertirte en una luz que inspire a otros. Las formas de participar son variadas y flexibles: Familias nuevas Este movimiento, descrito por su fundadora Chiara Lubich como \u201cexplosivo, apost\u00f3lico y difusivo\u201d, est\u00e1 orientado al mundo de la familia. Lo integran familias comprometidas con vivir la espiritualidad de la unidad y con irradiar valores que promuevan la fraternidad universal en su entorno. Miles de parejas, matrimonios y novios han encontrado en este camino una fuente de fortaleza para sus v\u00ednculos, gracias al amor que brota del Evangelio vivido. Su testimonio se convierte en un faro de inspiraci\u00f3n para otros, ayudando a extender este estilo de vida a m\u00e1s familias alrededor del mundo. Familias Nuevas responde a los desaf\u00edos actuales de las familias, siguiendo el esp\u00edritu de \u00abAmoris Laetitia\u00bb del Papa Francisco. M\u00e1s all\u00e1 de las palabras, esta respuesta nace de la experiencia de muchas familias que, con su testimonio diario y su implicaci\u00f3n en proyectos solidarios, est\u00e1n contribuyendo a renovar la sociedad. Web Internacional","og_url":"https:\/\/focolares.es\/en\/families-and-couples\/","og_site_name":"Movimiento de los Focolares","article_modified_time":"2025-02-07T21:42:49+00:00","og_image":[{"width":2560,"height":1707,"url":"https:\/\/focolares.es\/wp-content\/uploads\/2024\/04\/pexels-fauxels-3184437-scaled.jpg","type":"image\/jpeg"}],"twitter_card":"summary_large_image","twitter_misc":{"Estimated reading time":"3 minutes"},"schema":{"@context":"https:\/\/schema.org","@graph":[{"@type":"WebPage","@id":"https:\/\/focolares.es\/familias-y-parejas\/","url":"https:\/\/focolares.es\/familias-y-parejas\/","name":"Families and couples - Focolare Movement","isPartOf":{"@id":"https:\/\/focolares.es\/#website"},"primaryImageOfPage":{"@id":"https:\/\/focolares.es\/familias-y-parejas\/#primaryimage"},"image":{"@id":"https:\/\/focolares.es\/familias-y-parejas\/#primaryimage"},"thumbnailUrl":"https:\/\/focolares.es\/wp-content\/uploads\/2024\/04\/pexels-fauxels-3184437-1024x683.jpg","datePublished":"2024-02-05T12:56:46+00:00","dateModified":"2025-02-07T21:42:49+00:00","breadcrumb":{"@id":"https:\/\/focolares.es\/familias-y-parejas\/#breadcrumb"},"inLanguage":"en-GB","potentialAction":[{"@type":"ReadAction","target":["https:\/\/focolares.es\/familias-y-parejas\/"]}]},{"@type":"ImageObject","inLanguage":"en-GB","@id":"https:\/\/focolares.es\/familias-y-parejas\/#primaryimage","url":"https:\/\/focolares.es\/wp-content\/uploads\/2024\/04\/pexels-fauxels-3184437-1024x683.jpg","contentUrl":"https:\/\/focolares.es\/wp-content\/uploads\/2024\/04\/pexels-fauxels-3184437-1024x683.jpg"},{"@type":"BreadcrumbList","@id":"https:\/\/focolares.es\/familias-y-parejas\/#breadcrumb","itemListElement":[{"@type":"ListItem","position":1,"name":"Portada","item":"https:\/\/focolares.es\/"},{"@type":"ListItem","position":2,"name":"Familias y parejas"}]},{"@type":"WebSite","@id":"https:\/\/focolares.es\/#website","url":"https:\/\/focolares.es\/","name":"Focolare Movement","description":"","publisher":{"@id":"https:\/\/focolares.es\/#organization"},"potentialAction":[{"@type":"SearchAction","target":{"@type":"EntryPoint","urlTemplate":"https:\/\/focolares.es\/?s={search_term_string}"},"query-input":{"@type":"PropertyValueSpecification","valueRequired":true,"valueName":"search_term_string"}}],"inLanguage":"en-GB"},{"@type":"Organization","@id":"https:\/\/focolares.es\/#organization","name":"Focolare Movement","url":"https:\/\/focolares.es\/","logo":{"@type":"ImageObject","inLanguage":"en-GB","@id":"https:\/\/focolares.es\/#\/schema\/logo\/image\/","url":"https:\/\/focolares.es\/wp-content\/uploads\/2024\/03\/Logo_focolares-1024x944-1.jpg","contentUrl":"https:\/\/focolares.es\/wp-content\/uploads\/2024\/03\/Logo_focolares-1024x944-1.jpg","width":1024,"height":944,"caption":"Movimiento de los Focolares"},"image":{"@id":"https:\/\/focolares.es\/#\/schema\/logo\/image\/"}}]}},"ticketed":false,"_links":{"self":[{"href":"https:\/\/focolares.es\/en\/wp-json\/wp\/v2\/pages\/139","targetHints":{"allow":["GET"]}}],"collection":[{"href":"https:\/\/focolares.es\/en\/wp-json\/wp\/v2\/pages"}],"about":[{"href":"https:\/\/focolares.es\/en\/wp-json\/wp\/v2\/types\/page"}],"author":[{"embeddable":true,"href":"https:\/\/focolares.es\/en\/wp-json\/wp\/v2\/users\/1"}],"replies":[{"embeddable":true,"href":"https:\/\/focolares.es\/en\/wp-json\/wp\/v2\/comments?post=139"}],"version-history":[{"count":192,"href":"https:\/\/focolares.es\/en\/wp-json\/wp\/v2\/pages\/139\/revisions"}],"predecessor-version":[{"id":15067,"href":"https:\/\/focolares.es\/en\/wp-json\/wp\/v2\/pages\/139\/revisions\/15067"}],"wp:attachment":[{"href":"https:\/\/focolares.es\/en\/wp-json\/wp\/v2\/media?parent=139"}],"curies":[{"name":"wp","href":"https:\/\/api.w.org\/{rel}","templated":true}]}}