{"id":9316,"date":"2024-04-19T12:22:33","date_gmt":"2024-04-19T10:22:33","guid":{"rendered":"https:\/\/focolares.es\/?page_id=9316"},"modified":"2025-02-26T10:40:56","modified_gmt":"2025-02-26T09:40:56","slug":"dona","status":"publish","type":"page","link":"https:\/\/focolares.es\/en\/dona\/","title":{"rendered":"Dona"},"content":{"rendered":"<h2 class=\"wp-block-heading\">Website maintenance<\/h2>\n\n\n\n<p>The management of this website and the newsletters, as well as other social networks (Facebook, Instagram, etc.) are a free service of the Communication Service of the Focolare Movement in Spain. We are infinitely grateful to all those who wish to financially support our work, thus also contributing to the dissemination of the Charism of Unity.&nbsp;<\/p>\n\n\n\n<p>You can send your contribution by bank transfer to the account:<\/p>\n\n\n\n<p><strong>ES54 2100 8050 7823 0003 2285<\/strong> of the Focolare Movement&nbsp;<br>Concept: <strong>DONATE-WEB<\/strong><\/p>\n\n\n\n<h2 class=\"wp-block-heading\"><br>Coordinating entities for emergencies of the Focolare Movement in Spain<\/h2>\n\n\n\n<figure class=\"wp-block-image size-full is-resized\"><img fetchpriority=\"high\" decoding=\"async\" width=\"474\" height=\"266\" src=\"https:\/\/focolares.es\/wp-content\/uploads\/2024\/03\/terremoto_siria_turquia.jpg\" alt=\"\" class=\"wp-image-5910\" style=\"aspect-ratio:1.7777777777777777;object-fit:cover;width:925px;height:auto\" srcset=\"https:\/\/focolares.es\/wp-content\/uploads\/2024\/03\/terremoto_siria_turquia.jpg 474w, https:\/\/focolares.es\/wp-content\/uploads\/2024\/03\/terremoto_siria_turquia-300x168.jpg 300w\" sizes=\"(max-width: 474px) 100vw, 474px\" \/><\/figure>\n\n\n\n<p>Contributions can be made by bank transfer to one of the following bank accounts:<\/p>\n\n\n\n<p><strong>ES65 2100 5615 79 0200056937 <\/strong>from the Igino Giordani Foundation (FIG)<br><strong>ES65 2100 1748 94 0200131988<\/strong> New Family Shares (AFN)<\/p>\n\n\n\n<p>In both cases, it is essential to indicate in the concept <strong>&quot;Emergency&quot;<\/strong> specifying which one it is.<\/p>\n\n\n\n<p>Donations are deductible in the income tax return or in the corporate tax. You can request the corresponding certificate by writing, depending on the bank account holder, to:<\/p>\n\n\n\n<ul class=\"wp-block-list\">\n<li>Focolare Movement <a href=\"mailto:donaciones@focolares.org\" target=\"_blank\" rel=\"noreferrer noopener\">donaciones@focolares.org<\/a><\/li>\n\n\n\n<li>FIG <a href=\"mailto:info@fundaciongiordani.org\">info@fundaciongiordani.org<\/a><\/li>\n\n\n\n<li>AFN <a href=\"mailto:secretaria@familiasnuevas.org\">secretaria@familiasnuevas.org<\/a><\/li>\n<\/ul>","protected":false},"excerpt":{"rendered":"<p>Support of the website The management of this website and the newsletters, as well as other social networks (Facebook, Instagram, etc.) are a free service of the Communication Service of the Focolare Movement in Spain. We are infinitely grateful to all who wish to financially support our work, thus also contributing to the dissemination of the Charism of Unity. You can send your contribution by bank transfer to the following account: ES54 2100 8050 7823 0003 2285 of the Focolare Movement Concept: DONA-WEB Coordinating entities of the Focolare Movement in Spain Contributions can be made by bank transfer to one of the following bank accounts: ES65 2100 5615 79 0200056937 of the Igino Giordani Foundation (FIG) ES65 2100 1748 94 0200131988 of Acciones de Familias Nuevas (AFN) In both cases, it is essential to indicate \u201cEmergency\u201d in the concept, specifying which one it is. Donations are deductible in the income tax return or in corporate tax. You can request the corresponding certificate by writing, depending on the holder of the bank account, to:<\/p>","protected":false},"author":4,"featured_media":0,"parent":0,"menu_order":0,"comment_status":"closed","ping_status":"closed","template":"","meta":{"_price":"","_stock":"","_tribe_ticket_header":"","_tribe_default_ticket_provider":"","_tribe_ticket_capacity":"0","_ticket_start_date":"","_ticket_end_date":"","_tribe_ticket_show_description":"","_tribe_ticket_show_not_going":false,"_tribe_ticket_use_global_stock":"","_tribe_ticket_global_stock_level":"","_global_stock_mode":"","_global_stock_cap":"","_tribe_rsvp_for_event":"","_tribe_ticket_going_count":"","_tribe_ticket_not_going_count":"","_tribe_tickets_list":"[]","_tribe_ticket_has_attendee_info_fields":false,"footnotes":"","_tec_slr_enabled":"","_tec_slr_layout":""},"class_list":["post-9316","page","type-page","status-publish","hentry"],"yoast_head":"<!-- This site is optimized with the Yoast SEO plugin v27.2 - https:\/\/yoast.com\/product\/yoast-seo-wordpress\/ -->\n<title>Dona - Movimiento de los Focolares<\/title>\n<meta name=\"robots\" content=\"index, follow, max-snippet:-1, max-image-preview:large, max-video-preview:-1\" \/>\n<link rel=\"canonical\" href=\"https:\/\/focolares.es\/en\/dona\/\" \/>\n<meta property=\"og:locale\" content=\"en_GB\" \/>\n<meta property=\"og:type\" content=\"article\" \/>\n<meta property=\"og:title\" content=\"Dona - Movimiento de los Focolares\" \/>\n<meta property=\"og:description\" content=\"Sostenimiento de la p\u00e1gina web La gesti\u00f3n de esta web y los boletines de noticias, as\u00ed como las dem\u00e1s redes sociales (Facebook, Instagram, etc.) son un servicio gratuito del Servicio de Comunicaci\u00f3n del Movimiento de los Focolares en Espa\u00f1a. Agradecemos infinitamente a cuantos quer\u00e1is sostener econ\u00f3micamente nuestro trabajo, contribuyendo tambi\u00e9n as\u00ed a la difusi\u00f3n del Carisma de la Unidad.&nbsp; Puedes enviar tu colaboraci\u00f3n mediante transferencia bancaria a la cuenta: ES54 2100 8050 7823 0003 2285 del Movimiento de los Focolares&nbsp;Concepto: DONA-WEB Entidades coordinadoras de Emergencias del Movimiento de los Focolares en Espa\u00f1a Las aportaciones pueden ser realizadas mediante transferencia bancaria a alguna de las siguientes cuentas bancarias: ES65 2100 5615 79 0200056937 de la Fundaci\u00f3n Igino Giordani (FIG)ES65 2100 1748 94 0200131988 de Acciones de Familias Nuevas (AFN) En ambos casos en el concepto es indispensable indicar \u201cEmergencia\u201d especificando de cu\u00e1l se trata. Las donaciones son deducibles en la declaraci\u00f3n de la renta o en el Impuesto de sociedades. Puedes solicitar el correspondiente certificado escribiendo, seg\u00fan sea el titular de la cuenta bancaria, a:\" \/>\n<meta property=\"og:url\" content=\"https:\/\/focolares.es\/en\/dona\/\" \/>\n<meta property=\"og:site_name\" content=\"Movimiento de los Focolares\" \/>\n<meta property=\"article:modified_time\" content=\"2025-02-26T09:40:56+00:00\" \/>\n<meta property=\"og:image\" content=\"https:\/\/focolares.es\/wp-content\/uploads\/2024\/03\/terremoto_siria_turquia.jpg\" \/>\n\t<meta property=\"og:image:width\" content=\"474\" \/>\n\t<meta property=\"og:image:height\" content=\"266\" \/>\n\t<meta property=\"og:image:type\" content=\"image\/jpeg\" \/>\n<meta name=\"twitter:card\" content=\"summary_large_image\" \/>\n<meta name=\"twitter:label1\" content=\"Estimated reading time\" \/>\n\t<meta name=\"twitter:data1\" content=\"2 minutes\" \/>\n<script type=\"application\/ld+json\" class=\"yoast-schema-graph\">{\"@context\":\"https:\/\/schema.org\",\"@graph\":[{\"@type\":\"WebPage\",\"@id\":\"https:\/\/focolares.es\/dona\/\",\"url\":\"https:\/\/focolares.es\/dona\/\",\"name\":\"Dona - Movimiento de los Focolares\",\"isPartOf\":{\"@id\":\"https:\/\/focolares.es\/#website\"},\"primaryImageOfPage\":{\"@id\":\"https:\/\/focolares.es\/dona\/#primaryimage\"},\"image\":{\"@id\":\"https:\/\/focolares.es\/dona\/#primaryimage\"},\"thumbnailUrl\":\"https:\/\/focolares.es\/wp-content\/uploads\/2024\/03\/terremoto_siria_turquia.jpg\",\"datePublished\":\"2024-04-19T10:22:33+00:00\",\"dateModified\":\"2025-02-26T09:40:56+00:00\",\"breadcrumb\":{\"@id\":\"https:\/\/focolares.es\/dona\/#breadcrumb\"},\"inLanguage\":\"en-GB\",\"potentialAction\":[{\"@type\":\"ReadAction\",\"target\":[\"https:\/\/focolares.es\/dona\/\"]}]},{\"@type\":\"ImageObject\",\"inLanguage\":\"en-GB\",\"@id\":\"https:\/\/focolares.es\/dona\/#primaryimage\",\"url\":\"https:\/\/focolares.es\/wp-content\/uploads\/2024\/03\/terremoto_siria_turquia.jpg\",\"contentUrl\":\"https:\/\/focolares.es\/wp-content\/uploads\/2024\/03\/terremoto_siria_turquia.jpg\"},{\"@type\":\"BreadcrumbList\",\"@id\":\"https:\/\/focolares.es\/dona\/#breadcrumb\",\"itemListElement\":[{\"@type\":\"ListItem\",\"position\":1,\"name\":\"Portada\",\"item\":\"https:\/\/focolares.es\/\"},{\"@type\":\"ListItem\",\"position\":2,\"name\":\"Dona\"}]},{\"@type\":\"WebSite\",\"@id\":\"https:\/\/focolares.es\/#website\",\"url\":\"https:\/\/focolares.es\/\",\"name\":\"Movimiento de los Focolares\",\"description\":\"\",\"publisher\":{\"@id\":\"https:\/\/focolares.es\/#organization\"},\"potentialAction\":[{\"@type\":\"SearchAction\",\"target\":{\"@type\":\"EntryPoint\",\"urlTemplate\":\"https:\/\/focolares.es\/?s={search_term_string}\"},\"query-input\":{\"@type\":\"PropertyValueSpecification\",\"valueRequired\":true,\"valueName\":\"search_term_string\"}}],\"inLanguage\":\"en-GB\"},{\"@type\":\"Organization\",\"@id\":\"https:\/\/focolares.es\/#organization\",\"name\":\"Movimiento de los Focolares\",\"url\":\"https:\/\/focolares.es\/\",\"logo\":{\"@type\":\"ImageObject\",\"inLanguage\":\"en-GB\",\"@id\":\"https:\/\/focolares.es\/#\/schema\/logo\/image\/\",\"url\":\"https:\/\/focolares.es\/wp-content\/uploads\/2024\/03\/Logo_focolares-1024x944-1.jpg\",\"contentUrl\":\"https:\/\/focolares.es\/wp-content\/uploads\/2024\/03\/Logo_focolares-1024x944-1.jpg\",\"width\":1024,\"height\":944,\"caption\":\"Movimiento de los Focolares\"},\"image\":{\"@id\":\"https:\/\/focolares.es\/#\/schema\/logo\/image\/\"}}]}<\/script>\n<!-- \/ Yoast SEO plugin. -->","yoast_head_json":{"title":"Dona - Focolare Movement","robots":{"index":"index","follow":"follow","max-snippet":"max-snippet:-1","max-image-preview":"max-image-preview:large","max-video-preview":"max-video-preview:-1"},"canonical":"https:\/\/focolares.es\/en\/dona\/","og_locale":"en_GB","og_type":"article","og_title":"Dona - Movimiento de los Focolares","og_description":"Sostenimiento de la p\u00e1gina web La gesti\u00f3n de esta web y los boletines de noticias, as\u00ed como las dem\u00e1s redes sociales (Facebook, Instagram, etc.) son un servicio gratuito del Servicio de Comunicaci\u00f3n del Movimiento de los Focolares en Espa\u00f1a. Agradecemos infinitamente a cuantos quer\u00e1is sostener econ\u00f3micamente nuestro trabajo, contribuyendo tambi\u00e9n as\u00ed a la difusi\u00f3n del Carisma de la Unidad.&nbsp; Puedes enviar tu colaboraci\u00f3n mediante transferencia bancaria a la cuenta: ES54 2100 8050 7823 0003 2285 del Movimiento de los Focolares&nbsp;Concepto: DONA-WEB Entidades coordinadoras de Emergencias del Movimiento de los Focolares en Espa\u00f1a Las aportaciones pueden ser realizadas mediante transferencia bancaria a alguna de las siguientes cuentas bancarias: ES65 2100 5615 79 0200056937 de la Fundaci\u00f3n Igino Giordani (FIG)ES65 2100 1748 94 0200131988 de Acciones de Familias Nuevas (AFN) En ambos casos en el concepto es indispensable indicar \u201cEmergencia\u201d especificando de cu\u00e1l se trata. Las donaciones son deducibles en la declaraci\u00f3n de la renta o en el Impuesto de sociedades. Puedes solicitar el correspondiente certificado escribiendo, seg\u00fan sea el titular de la cuenta bancaria, a:","og_url":"https:\/\/focolares.es\/en\/dona\/","og_site_name":"Movimiento de los Focolares","article_modified_time":"2025-02-26T09:40:56+00:00","og_image":[{"width":474,"height":266,"url":"https:\/\/focolares.es\/wp-content\/uploads\/2024\/03\/terremoto_siria_turquia.jpg","type":"image\/jpeg"}],"twitter_card":"summary_large_image","twitter_misc":{"Estimated reading time":"2 minutes"},"schema":{"@context":"https:\/\/schema.org","@graph":[{"@type":"WebPage","@id":"https:\/\/focolares.es\/dona\/","url":"https:\/\/focolares.es\/dona\/","name":"Dona - Focolare Movement","isPartOf":{"@id":"https:\/\/focolares.es\/#website"},"primaryImageOfPage":{"@id":"https:\/\/focolares.es\/dona\/#primaryimage"},"image":{"@id":"https:\/\/focolares.es\/dona\/#primaryimage"},"thumbnailUrl":"https:\/\/focolares.es\/wp-content\/uploads\/2024\/03\/terremoto_siria_turquia.jpg","datePublished":"2024-04-19T10:22:33+00:00","dateModified":"2025-02-26T09:40:56+00:00","breadcrumb":{"@id":"https:\/\/focolares.es\/dona\/#breadcrumb"},"inLanguage":"en-GB","potentialAction":[{"@type":"ReadAction","target":["https:\/\/focolares.es\/dona\/"]}]},{"@type":"ImageObject","inLanguage":"en-GB","@id":"https:\/\/focolares.es\/dona\/#primaryimage","url":"https:\/\/focolares.es\/wp-content\/uploads\/2024\/03\/terremoto_siria_turquia.jpg","contentUrl":"https:\/\/focolares.es\/wp-content\/uploads\/2024\/03\/terremoto_siria_turquia.jpg"},{"@type":"BreadcrumbList","@id":"https:\/\/focolares.es\/dona\/#breadcrumb","itemListElement":[{"@type":"ListItem","position":1,"name":"Portada","item":"https:\/\/focolares.es\/"},{"@type":"ListItem","position":2,"name":"Dona"}]},{"@type":"WebSite","@id":"https:\/\/focolares.es\/#website","url":"https:\/\/focolares.es\/","name":"Focolare Movement","description":"","publisher":{"@id":"https:\/\/focolares.es\/#organization"},"potentialAction":[{"@type":"SearchAction","target":{"@type":"EntryPoint","urlTemplate":"https:\/\/focolares.es\/?s={search_term_string}"},"query-input":{"@type":"PropertyValueSpecification","valueRequired":true,"valueName":"search_term_string"}}],"inLanguage":"en-GB"},{"@type":"Organization","@id":"https:\/\/focolares.es\/#organization","name":"Focolare Movement","url":"https:\/\/focolares.es\/","logo":{"@type":"ImageObject","inLanguage":"en-GB","@id":"https:\/\/focolares.es\/#\/schema\/logo\/image\/","url":"https:\/\/focolares.es\/wp-content\/uploads\/2024\/03\/Logo_focolares-1024x944-1.jpg","contentUrl":"https:\/\/focolares.es\/wp-content\/uploads\/2024\/03\/Logo_focolares-1024x944-1.jpg","width":1024,"height":944,"caption":"Movimiento de los Focolares"},"image":{"@id":"https:\/\/focolares.es\/#\/schema\/logo\/image\/"}}]}},"ticketed":false,"_links":{"self":[{"href":"https:\/\/focolares.es\/en\/wp-json\/wp\/v2\/pages\/9316","targetHints":{"allow":["GET"]}}],"collection":[{"href":"https:\/\/focolares.es\/en\/wp-json\/wp\/v2\/pages"}],"about":[{"href":"https:\/\/focolares.es\/en\/wp-json\/wp\/v2\/types\/page"}],"author":[{"embeddable":true,"href":"https:\/\/focolares.es\/en\/wp-json\/wp\/v2\/users\/4"}],"replies":[{"embeddable":true,"href":"https:\/\/focolares.es\/en\/wp-json\/wp\/v2\/comments?post=9316"}],"version-history":[{"count":13,"href":"https:\/\/focolares.es\/en\/wp-json\/wp\/v2\/pages\/9316\/revisions"}],"predecessor-version":[{"id":15352,"href":"https:\/\/focolares.es\/en\/wp-json\/wp\/v2\/pages\/9316\/revisions\/15352"}],"wp:attachment":[{"href":"https:\/\/focolares.es\/en\/wp-json\/wp\/v2\/media?parent=9316"}],"curies":[{"name":"wp","href":"https:\/\/api.w.org\/{rel}","templated":true}]}}