{"id":19314,"date":"2026-04-09T18:38:21","date_gmt":"2026-04-09T16:38:21","guid":{"rendered":"https:\/\/focolares.es\/?page_id=19314"},"modified":"2026-04-15T11:12:55","modified_gmt":"2026-04-15T09:12:55","slug":"mariapolis-2026","status":"publish","type":"page","link":"https:\/\/focolares.es\/eu\/mariapolis-2026\/","title":{"rendered":"Mariapolis 2026 Caravaca de la Cruz-en"},"content":{"rendered":"<h4 class=\"wp-block-heading has-text-align-right\"><em>Pilareko zubian, historiaz, espiritualtasunaz eta edertasunaz beteriko leku batean, Caravaca de la Cruz bailitzan, Fokolareen Mugimenduaren Mariapolisa ospatuko da aurten.<\/em><\/h4>\n\n\n\n<div style=\"height:40px\" aria-hidden=\"true\" class=\"wp-block-spacer\"><\/div>\n\n\n\n<figure class=\"wp-block-image size-full\"><img fetchpriority=\"high\" decoding=\"async\" width=\"900\" height=\"506\" src=\"https:\/\/focolares.es\/wp-content\/uploads\/2026\/04\/Caravaca-de-la-Cruz-pagina-900x506-iStock-2231438368.jpg\" alt=\"\" class=\"wp-image-19313\" srcset=\"https:\/\/focolares.es\/wp-content\/uploads\/2026\/04\/Caravaca-de-la-Cruz-pagina-900x506-iStock-2231438368.jpg 900w, https:\/\/focolares.es\/wp-content\/uploads\/2026\/04\/Caravaca-de-la-Cruz-pagina-900x506-iStock-2231438368-300x169.jpg 300w, https:\/\/focolares.es\/wp-content\/uploads\/2026\/04\/Caravaca-de-la-Cruz-pagina-900x506-iStock-2231438368-768x432.jpg 768w, https:\/\/focolares.es\/wp-content\/uploads\/2026\/04\/Caravaca-de-la-Cruz-pagina-900x506-iStock-2231438368-18x10.jpg 18w\" sizes=\"(max-width: 900px) 100vw, 900px\" \/><\/figure>\n\n\n\n<p>Urriaren 9tik 12ra, Caravaca de la Cruzen (Murtzia) programa bat egingo da, \u00abSenidetasun bideak\u00bb lemapean. Bertan, hausnarketarako uneak, esperientzia-trukeak, tailerrak eta mahai-inguruak egingo dira, eskualde desberdinetatik iritsitako adin guztietako pertsonen arteko senidetasun-giroan.<\/p>\n\n\n\n<p>Mariapolisa guztiontzako irekia dagoen proposamena da \u2014familia, gazte, haur eta heldu\u2014, eta Ebanjelioan inspiratutako egun batzuk bizitzera gonbidatzen du, eguneroko bizitza senidetasunetik, elkarrizketatik eta alaitasunetik partekatuz.<\/p>\n\n\n\n<h2 class=\"wp-block-heading\">Bihotzari hitz egiten dion leku bat<\/h2>\n\n\n\n<p>Murtziako Eskualdeko ipar-mendebaldean dago Caravaca de la Cruz, eta kristautasunaren erromesaldietarako hiri handienetako bat da. Erdi Arotik hona milaka pertsona heldu dira <strong>Gurutze Santu eta Egiazkoa<\/strong>k erakarrita, XIII. mendetik gurtzen den erlikia bat eta tradizio espiritual sakon baten jatorria.<\/p>\n\n\n\n<p>1998an <strong>Hiri Santu betiko Jubileu Urtea<\/strong>rekin izendatu zuten, Erroma edo Santiago de Compostela bezalako tokiekin partekatzen duen pribilegioa, eta bere fedea berritu edo, besterik gabe, barne-esperientziara ireki nahi dutenentzako helmuga paregabea bihurtzen duena.<\/p>\n\n\n\n<h2 class=\"wp-block-heading\">Historia bizia bere kaleetan<\/h2>\n\n\n\n<p>Caravacan ere historia txoko bakoitzean sentitzen da. Bere jatorria antzinako zibilizazioetan dago \u2014iberiarrak, erromatarrak eta musulmanak\u2014, eta Erdi Aroko garapenak erresumen arteko gune estrategiko bihurtu zuen.<\/p>\n\n\n\n<p>Hiriaren goikaldean, Vera Cruz basilika gordetzen duen gaztelu-santutegia altxatzen da, bere oinetan kale estuz eta bizitzaz beteriko plazaz osatutako sare bat zabaltzen den bitartean, elkarbizitza kulturaleko mendeen herentzia dena.<\/p>\n\n\n\n<p>Tradizioak dioenez, 1232. urtean Gurutzea mirariz agertu zen leku horretan, eta gaur egun arte iraun duen debozioa sortu zen.<\/p>\n\n\n\n<h2 class=\"wp-block-heading\">Natura, isiltasuna eta topaketa<\/h2>\n\n\n\n<p>Mendiz, ibaiz eta paraje naturalez inguratuta, Markesaren Iturrien antzera, Caravacak gelditzeko, ibiltzeko eta kontenplatzeko espazio lasai eta ederrak eskaintzen ditu. Mariapolis bat sakontasun eta xumetasunetik bizitzeko ingurune aproposa.<\/p>\n\n\n\n<h2 class=\"wp-block-heading\">Topaketagunea<\/h2>\n\n\n\n<p>Topagune nagusia Caravaca de la Cruzeko Multiservicio Pabiloia (Salones Castillo) izango da. Mariapolisak hiriko Udalaren eta Cartagenako Elizbarrutiaren laguntza du, baita erakundeek eta tokiko erakundeek eskura jarritako beste gune batzuena ere.<\/p>\n\n\n\n<hr>\n\n\n\n<h3 class=\"wp-block-heading\">\ud83d\udcc5 Datak eta programa<\/h3>\n\n\n\n<p><strong>2026ko urriaren 9tik 12ra<\/strong><br>Ordutegiak eta programa osoa laster zehaztuko dira, eta besteak beste, honako hauek izango ditu barne:<\/p>\n\n\n\n<ul class=\"wp-block-list\">\n<li>Topaketak eta testigantzak<\/li>\n\n\n\n<li>Adin guztientzako jarduerak<\/li>\n\n\n\n<li>Hausnarketa eta elkarrizketa uneak<\/li>\n\n\n\n<li>Elkarrekin bizitzea eta eguneroko bizitza partekatzea<\/li>\n\n\n\n<li>Caravaca inguruan txangoak eta bisita gidatuak<\/li>\n<\/ul>\n\n\n\n<div style=\"height:19px\" aria-hidden=\"true\" class=\"wp-block-spacer\"><\/div>\n\n\n\n<h3 class=\"wp-block-heading\">\ud83d\udcdd Izen-ematea<\/h3>\n\n\n\n<p>Izen-ematea laster egongo da eskuragarri.<\/p>\n\n\n\n<p>\ud83d\udc49 Orrialde honi adi egotera gonbidatzen zaitugu. Edozein kontsulta egiteko, idatzi helbidera: <a href=\"mailto:mariapolis2026@focolares.org\" target=\"_blank\" rel=\"noreferrer noopener nofollow\">mariapolis2026@focolares.org<\/a><\/p>","protected":false},"excerpt":{"rendered":"<p>Pilareko zubian, historiaz, espiritualtasunaz eta edertasunaz beteriko leku batean, Caravaca de la Cruz bailitzan, Fokolareen Mugimenduaren Mariapolisa ospatuko da aurten.<\/p>","protected":false},"author":1,"featured_media":19313,"parent":0,"menu_order":0,"comment_status":"closed","ping_status":"closed","template":"","meta":{"_price":"","_stock":"","_tribe_ticket_header":"","_tribe_default_ticket_provider":"","_tribe_ticket_capacity":"0","_ticket_start_date":"","_ticket_end_date":"","_tribe_ticket_show_description":"","_tribe_ticket_show_not_going":false,"_tribe_ticket_use_global_stock":"","_tribe_ticket_global_stock_level":"","_global_stock_mode":"","_global_stock_cap":"","_tribe_rsvp_for_event":"","_tribe_ticket_going_count":"","_tribe_ticket_not_going_count":"","_tribe_tickets_list":"[]","_tribe_ticket_has_attendee_info_fields":false,"footnotes":"","_tec_slr_enabled":"","_tec_slr_layout":""},"class_list":["post-19314","page","type-page","status-publish","has-post-thumbnail","hentry"],"yoast_head":"<!-- This site is optimized with the Yoast SEO plugin v27.2 - https:\/\/yoast.com\/product\/yoast-seo-wordpress\/ -->\n<title>Mari\u00e1polis 2026 en Caravaca de la Cruz - Movimiento de los Focolares<\/title>\n<meta name=\"description\" content=\"Del 9 al 12 de octubre, en Caravaca de la Cruz (Murcia), se celebrar\u00e1 este a\u00f1o la Mari\u00e1polis del Movimiento de los Focolares.\" \/>\n<meta name=\"robots\" content=\"index, follow, max-snippet:-1, max-image-preview:large, max-video-preview:-1\" \/>\n<link rel=\"canonical\" href=\"https:\/\/focolares.es\/eu\/mariapolis-2026\/\" \/>\n<meta property=\"og:locale\" content=\"en_US\" \/>\n<meta property=\"og:type\" content=\"article\" \/>\n<meta property=\"og:title\" content=\"Mari\u00e1polis 2026 en Caravaca de la Cruz - Movimiento de los Focolares\" \/>\n<meta property=\"og:description\" content=\"Del 9 al 12 de octubre, en Caravaca de la Cruz (Murcia), se celebrar\u00e1 este a\u00f1o la Mari\u00e1polis del Movimiento de los Focolares.\" \/>\n<meta property=\"og:url\" content=\"https:\/\/focolares.es\/eu\/mariapolis-2026\/\" \/>\n<meta property=\"og:site_name\" content=\"Movimiento de los Focolares\" \/>\n<meta property=\"article:modified_time\" content=\"2026-04-15T09:12:55+00:00\" \/>\n<meta property=\"og:image\" content=\"https:\/\/focolares.es\/wp-content\/uploads\/2026\/04\/Caravaca-de-la-Cruz-pagina-900x506-iStock-2231438368.jpg\" \/>\n\t<meta property=\"og:image:width\" content=\"900\" \/>\n\t<meta property=\"og:image:height\" content=\"506\" \/>\n\t<meta property=\"og:image:type\" content=\"image\/jpeg\" \/>\n<meta name=\"twitter:card\" content=\"summary_large_image\" \/>\n<meta name=\"twitter:label1\" content=\"Est. reading time\" \/>\n\t<meta name=\"twitter:data1\" content=\"3 minutua\" \/>\n<script type=\"application\/ld+json\" class=\"yoast-schema-graph\">{\"@context\":\"https:\/\/schema.org\",\"@graph\":[{\"@type\":\"WebPage\",\"@id\":\"https:\/\/focolares.es\/mariapolis-2026\/\",\"url\":\"https:\/\/focolares.es\/mariapolis-2026\/\",\"name\":\"Mari\u00e1polis 2026 en Caravaca de la Cruz - Movimiento de los Focolares\",\"isPartOf\":{\"@id\":\"https:\/\/focolares.es\/#website\"},\"primaryImageOfPage\":{\"@id\":\"https:\/\/focolares.es\/mariapolis-2026\/#primaryimage\"},\"image\":{\"@id\":\"https:\/\/focolares.es\/mariapolis-2026\/#primaryimage\"},\"thumbnailUrl\":\"https:\/\/focolares.es\/wp-content\/uploads\/2026\/04\/Caravaca-de-la-Cruz-pagina-900x506-iStock-2231438368.jpg\",\"datePublished\":\"2026-04-09T16:38:21+00:00\",\"dateModified\":\"2026-04-15T09:12:55+00:00\",\"description\":\"Del 9 al 12 de octubre, en Caravaca de la Cruz (Murcia), se celebrar\u00e1 este a\u00f1o la Mari\u00e1polis del Movimiento de los Focolares.\",\"breadcrumb\":{\"@id\":\"https:\/\/focolares.es\/mariapolis-2026\/#breadcrumb\"},\"inLanguage\":\"eu\",\"potentialAction\":[{\"@type\":\"ReadAction\",\"target\":[\"https:\/\/focolares.es\/mariapolis-2026\/\"]}]},{\"@type\":\"ImageObject\",\"inLanguage\":\"eu\",\"@id\":\"https:\/\/focolares.es\/mariapolis-2026\/#primaryimage\",\"url\":\"https:\/\/focolares.es\/wp-content\/uploads\/2026\/04\/Caravaca-de-la-Cruz-pagina-900x506-iStock-2231438368.jpg\",\"contentUrl\":\"https:\/\/focolares.es\/wp-content\/uploads\/2026\/04\/Caravaca-de-la-Cruz-pagina-900x506-iStock-2231438368.jpg\",\"width\":900,\"height\":506},{\"@type\":\"BreadcrumbList\",\"@id\":\"https:\/\/focolares.es\/mariapolis-2026\/#breadcrumb\",\"itemListElement\":[{\"@type\":\"ListItem\",\"position\":1,\"name\":\"Portada\",\"item\":\"https:\/\/focolares.es\/\"},{\"@type\":\"ListItem\",\"position\":2,\"name\":\"Mari\u00e1polis 2026 en Caravaca de la Cruz\"}]},{\"@type\":\"WebSite\",\"@id\":\"https:\/\/focolares.es\/#website\",\"url\":\"https:\/\/focolares.es\/\",\"name\":\"Movimiento de los Focolares\",\"description\":\"\",\"publisher\":{\"@id\":\"https:\/\/focolares.es\/#organization\"},\"potentialAction\":[{\"@type\":\"SearchAction\",\"target\":{\"@type\":\"EntryPoint\",\"urlTemplate\":\"https:\/\/focolares.es\/?s={search_term_string}\"},\"query-input\":{\"@type\":\"PropertyValueSpecification\",\"valueRequired\":true,\"valueName\":\"search_term_string\"}}],\"inLanguage\":\"eu\"},{\"@type\":\"Organization\",\"@id\":\"https:\/\/focolares.es\/#organization\",\"name\":\"Movimiento de los Focolares\",\"url\":\"https:\/\/focolares.es\/\",\"logo\":{\"@type\":\"ImageObject\",\"inLanguage\":\"eu\",\"@id\":\"https:\/\/focolares.es\/#\/schema\/logo\/image\/\",\"url\":\"https:\/\/focolares.es\/wp-content\/uploads\/2024\/03\/Logo_focolares-1024x944-1.jpg\",\"contentUrl\":\"https:\/\/focolares.es\/wp-content\/uploads\/2024\/03\/Logo_focolares-1024x944-1.jpg\",\"width\":1024,\"height\":944,\"caption\":\"Movimiento de los Focolares\"},\"image\":{\"@id\":\"https:\/\/focolares.es\/#\/schema\/logo\/image\/\"}}]}<\/script>\n<!-- \/ Yoast SEO plugin. -->","yoast_head_json":{"title":"Mariapolis 2026 Caravaca de la Cruz - Focolaren Mugimendua","description":"Urriaren 9tik 12ra, Caravaca de la Cruzen (Murtzia), Fokolare Mugimenduaren Mariapolisa ospatuko da aurten.","robots":{"index":"index","follow":"follow","max-snippet":"max-snippet:-1","max-image-preview":"max-image-preview:large","max-video-preview":"max-video-preview:-1"},"canonical":"https:\/\/focolares.es\/eu\/mariapolis-2026\/","og_locale":"en_US","og_type":"article","og_title":"Mari\u00e1polis 2026 en Caravaca de la Cruz - Movimiento de los Focolares","og_description":"Del 9 al 12 de octubre, en Caravaca de la Cruz (Murcia), se celebrar\u00e1 este a\u00f1o la Mari\u00e1polis del Movimiento de los Focolares.","og_url":"https:\/\/focolares.es\/eu\/mariapolis-2026\/","og_site_name":"Movimiento de los Focolares","article_modified_time":"2026-04-15T09:12:55+00:00","og_image":[{"width":900,"height":506,"url":"https:\/\/focolares.es\/wp-content\/uploads\/2026\/04\/Caravaca-de-la-Cruz-pagina-900x506-iStock-2231438368.jpg","type":"image\/jpeg"}],"twitter_card":"summary_large_image","twitter_misc":{"Est. reading time":"3 minutua"},"schema":{"@context":"https:\/\/schema.org","@graph":[{"@type":"WebPage","@id":"https:\/\/focolares.es\/mariapolis-2026\/","url":"https:\/\/focolares.es\/mariapolis-2026\/","name":"Mariapolis 2026 Caravaca de la Cruz - Focolaren Mugimendua","isPartOf":{"@id":"https:\/\/focolares.es\/#website"},"primaryImageOfPage":{"@id":"https:\/\/focolares.es\/mariapolis-2026\/#primaryimage"},"image":{"@id":"https:\/\/focolares.es\/mariapolis-2026\/#primaryimage"},"thumbnailUrl":"https:\/\/focolares.es\/wp-content\/uploads\/2026\/04\/Caravaca-de-la-Cruz-pagina-900x506-iStock-2231438368.jpg","datePublished":"2026-04-09T16:38:21+00:00","dateModified":"2026-04-15T09:12:55+00:00","description":"Urriaren 9tik 12ra, Caravaca de la Cruzen (Murtzia), Fokolare Mugimenduaren Mariapolisa ospatuko da aurten.","breadcrumb":{"@id":"https:\/\/focolares.es\/mariapolis-2026\/#breadcrumb"},"inLanguage":"eu","potentialAction":[{"@type":"ReadAction","target":["https:\/\/focolares.es\/mariapolis-2026\/"]}]},{"@type":"ImageObject","inLanguage":"eu","@id":"https:\/\/focolares.es\/mariapolis-2026\/#primaryimage","url":"https:\/\/focolares.es\/wp-content\/uploads\/2026\/04\/Caravaca-de-la-Cruz-pagina-900x506-iStock-2231438368.jpg","contentUrl":"https:\/\/focolares.es\/wp-content\/uploads\/2026\/04\/Caravaca-de-la-Cruz-pagina-900x506-iStock-2231438368.jpg","width":900,"height":506},{"@type":"BreadcrumbList","@id":"https:\/\/focolares.es\/mariapolis-2026\/#breadcrumb","itemListElement":[{"@type":"ListItem","position":1,"name":"Portada","item":"https:\/\/focolares.es\/"},{"@type":"ListItem","position":2,"name":"Mari\u00e1polis 2026 en Caravaca de la Cruz"}]},{"@type":"WebSite","@id":"https:\/\/focolares.es\/#website","url":"https:\/\/focolares.es\/","name":"Fokolareen Mugimenduaren","description":"","publisher":{"@id":"https:\/\/focolares.es\/#organization"},"potentialAction":[{"@type":"SearchAction","target":{"@type":"EntryPoint","urlTemplate":"https:\/\/focolares.es\/?s={search_term_string}"},"query-input":{"@type":"PropertyValueSpecification","valueRequired":true,"valueName":"search_term_string"}}],"inLanguage":"eu"},{"@type":"Organization","@id":"https:\/\/focolares.es\/#organization","name":"Fokolareen Mugimenduaren","url":"https:\/\/focolares.es\/","logo":{"@type":"ImageObject","inLanguage":"eu","@id":"https:\/\/focolares.es\/#\/schema\/logo\/image\/","url":"https:\/\/focolares.es\/wp-content\/uploads\/2024\/03\/Logo_focolares-1024x944-1.jpg","contentUrl":"https:\/\/focolares.es\/wp-content\/uploads\/2024\/03\/Logo_focolares-1024x944-1.jpg","width":1024,"height":944,"caption":"Movimiento de los Focolares"},"image":{"@id":"https:\/\/focolares.es\/#\/schema\/logo\/image\/"}}]}},"ticketed":false,"_links":{"self":[{"href":"https:\/\/focolares.es\/eu\/wp-json\/wp\/v2\/pages\/19314","targetHints":{"allow":["GET"]}}],"collection":[{"href":"https:\/\/focolares.es\/eu\/wp-json\/wp\/v2\/pages"}],"about":[{"href":"https:\/\/focolares.es\/eu\/wp-json\/wp\/v2\/types\/page"}],"author":[{"embeddable":true,"href":"https:\/\/focolares.es\/eu\/wp-json\/wp\/v2\/users\/1"}],"replies":[{"embeddable":true,"href":"https:\/\/focolares.es\/eu\/wp-json\/wp\/v2\/comments?post=19314"}],"version-history":[{"count":2,"href":"https:\/\/focolares.es\/eu\/wp-json\/wp\/v2\/pages\/19314\/revisions"}],"predecessor-version":[{"id":19316,"href":"https:\/\/focolares.es\/eu\/wp-json\/wp\/v2\/pages\/19314\/revisions\/19316"}],"wp:featuredmedia":[{"embeddable":true,"href":"https:\/\/focolares.es\/eu\/wp-json\/wp\/v2\/media\/19313"}],"wp:attachment":[{"href":"https:\/\/focolares.es\/eu\/wp-json\/wp\/v2\/media?parent=19314"}],"curies":[{"name":"wp","href":"https:\/\/api.w.org\/{rel}","templated":true}]}}