{"id":15700,"date":"2025-03-22T20:52:51","date_gmt":"2025-03-22T19:52:51","guid":{"rendered":"https:\/\/focolares.es\/?page_id=15700"},"modified":"2025-04-02T22:03:02","modified_gmt":"2025-04-02T20:03:02","slug":"mariapolis","status":"publish","type":"page","link":"https:\/\/focolares.es\/gl\/mariapolis\/","title":{"rendered":"Mar\u00ed\u00e1polis"},"content":{"rendered":"<figure class=\"wp-block-image size-full\"><img fetchpriority=\"high\" decoding=\"async\" width=\"1024\" height=\"622\" src=\"https:\/\/focolares.es\/wp-content\/uploads\/2024\/10\/Dolomitas-055_1024-e1728212863584.jpg\" alt=\"\" class=\"wp-image-12456\" srcset=\"https:\/\/focolares.es\/wp-content\/uploads\/2024\/10\/Dolomitas-055_1024-e1728212863584.jpg 1024w, https:\/\/focolares.es\/wp-content\/uploads\/2024\/10\/Dolomitas-055_1024-e1728212863584-300x182.jpg 300w, https:\/\/focolares.es\/wp-content\/uploads\/2024\/10\/Dolomitas-055_1024-e1728212863584-768x467.jpg 768w, https:\/\/focolares.es\/wp-content\/uploads\/2024\/10\/Dolomitas-055_1024-e1728212863584-18x12.jpg 18w\" sizes=\"(max-width: 1024px) 100vw, 1024px\" \/><\/figure>\n\n\n\n<p><em>Mar\u00ed\u00e1polis<\/em>, unha palabra moi evocadora para a maior\u00eda das persoas que tiveron que ver cun, xa sexa no seu formato temporal ou permanente.<\/p>\n\n\n\n<p><em>Mar\u00ed\u00e1polis<\/em> Pretende ser un espazo de convivencia onde se poida vivir a fraternidade como v\u00eda de renovaci\u00f3n da sociedade, resposta aos retos actuais e \u00e1 procura da felicidade que cada persoa anhela.<\/p>\n\n\n\n<p>Tr\u00e1tase dunha iniciativa organizada polo Movemento dos Focolares dende os anos 50, cando a primeira se celebrou nas monta\u00f1as dolomitas (norte de Italia). Dende ent\u00f3n foron estend\u00e9ndose por todo o mundo. O primeiro en chegar \u00e1s nosas terras foi en Solsona (Lleida) no ano 1964. Adoitan ter unha frecuencia anual, unhas veces nacional, internacional e outras locais.<\/p>\n\n\n\n<p>O obxectivo \u00e9 constru\u00edr, durante uns d\u00edas, unha pequena cidade, formada por persoas das m\u00e1is diversas clases sociais, con diferentes ideas, convicci\u00f3ns relixiosas ou non; familias, mozos, nenos... que conviven baixo unha \u00fanica lei, a do amor, que supera todas as diferenzas. Nas mari\u00e1polis permanentes, como Loppiano, a xente vive as\u00ed todos os d\u00edas do ano. Durante o mesmo, tr\u00e1tanse diferentes tem\u00e1ticas a trav\u00e9s de obradoiros, mesas redondas ou eventos l\u00fadicos. Todo sobre a base dun di\u00e1logo aberto e profundo, sen prexu\u00edzos preconcibidos, nun clima de respecto, solidariedade e reco\u00f1ecemento do valor do outro. Tam\u00e9n se ofrecen excursi\u00f3ns e veladas divertidas que axudan a crear un ambiente familiar.<\/p>","protected":false},"excerpt":{"rendered":"<p>Mari\u00e1polis, una palabra muy evocadora para la mayor\u00eda de las personas que han tenido que ver con una, ya sea en su formato temporal como permanente. Mari\u00e1polis pretende ser un espacio de convivencia donde experimentar la fraternidad como una v\u00eda de renovaci\u00f3n de la sociedad, una respuesta a los retos de hoy y a la b\u00fasqueda de felicidad que toda persona anhela. Es una iniciativa organizada por el Movimiento de los Focolares desde los a\u00f1os 50 en que se celebr\u00f3 la primera en las monta\u00f1as dolomitas (norte de Italia). Desde entonces se han ido difundiendo por todo el\u00a0mundo. La primera que lleg\u00f3 a nuestras tierras fue en Solsona (Lleida) en 1964. Suelen tener una frecuencia anual, a\u00a0veces de \u00e1mbito nacional, internacional y otras de \u00e1mbito local. El objetivo es el de construir, durante unos d\u00edas, una peque\u00f1a ciudad, formada por personas procedentes de las m\u00e1s diversas clases sociales, de ideas diferentes, convicciones religiosas o no; familias, j\u00f3venes, ni\u00f1os&#8230; que conviven bajo una \u00fanica ley, la del amor, que hace superar todas las diferencias. En las Mari\u00e1polis permanentes, como la de Loppiano, se vive as\u00ed cada d\u00eda del a\u00f1o. Durante la misma se tratan distintos temas a trav\u00e9s de talleres, mesas redondas o actos recreativos. Todo sobre la base de un di\u00e1logo abierto y profundo, sin prejuicios preconcebidos, en un clima de respeto, solidaridad y reconocimiento del valor del otro. Tambi\u00e9n se ofrecen excursiones y veladas l\u00fadicas que contribuyen a crear un ambiente de familia.<\/p>","protected":false},"author":1,"featured_media":0,"parent":0,"menu_order":0,"comment_status":"closed","ping_status":"closed","template":"elementor_theme","meta":{"_price":"","_stock":"","_tribe_ticket_header":"","_tribe_default_ticket_provider":"","_tribe_ticket_capacity":"0","_ticket_start_date":"","_ticket_end_date":"","_tribe_ticket_show_description":"","_tribe_ticket_show_not_going":false,"_tribe_ticket_use_global_stock":"","_tribe_ticket_global_stock_level":"","_global_stock_mode":"","_global_stock_cap":"","_tribe_rsvp_for_event":"","_tribe_ticket_going_count":"","_tribe_ticket_not_going_count":"","_tribe_tickets_list":"[]","_tribe_ticket_has_attendee_info_fields":false,"footnotes":"","_tec_slr_enabled":"","_tec_slr_layout":""},"class_list":["post-15700","page","type-page","status-publish","hentry"],"yoast_head":"<!-- This site is optimized with the Yoast SEO plugin v27.2 - https:\/\/yoast.com\/product\/yoast-seo-wordpress\/ -->\n<title>Mari\u00e1polis - Movimiento de los Focolares<\/title>\n<meta name=\"description\" content=\"Espacio de convivencia donde experimentar la fraternidad como una respuesta a los retos de hoy y a la b\u00fasqueda de la felicidad.\" \/>\n<meta name=\"robots\" content=\"index, follow, max-snippet:-1, max-image-preview:large, max-video-preview:-1\" \/>\n<link rel=\"canonical\" href=\"https:\/\/focolares.es\/gl\/mariapolis\/\" \/>\n<meta property=\"og:locale\" content=\"gl_ES\" \/>\n<meta property=\"og:type\" content=\"article\" \/>\n<meta property=\"og:title\" content=\"Mari\u00e1polis - Movimiento de los Focolares\" \/>\n<meta property=\"og:description\" content=\"Espacio de convivencia donde experimentar la fraternidad como una respuesta a los retos de hoy y a la b\u00fasqueda de la felicidad.\" \/>\n<meta property=\"og:url\" content=\"https:\/\/focolares.es\/gl\/mariapolis\/\" \/>\n<meta property=\"og:site_name\" content=\"Movimiento de los Focolares\" \/>\n<meta property=\"article:modified_time\" content=\"2025-04-02T20:03:02+00:00\" \/>\n<meta property=\"og:image\" content=\"https:\/\/focolares.es\/wp-content\/uploads\/2024\/10\/Dolomitas-055_1024-e1728212863584.jpg\" \/>\n\t<meta property=\"og:image:width\" content=\"1024\" \/>\n\t<meta property=\"og:image:height\" content=\"622\" \/>\n\t<meta property=\"og:image:type\" content=\"image\/jpeg\" \/>\n<meta name=\"twitter:card\" content=\"summary_large_image\" \/>\n<meta name=\"twitter:label1\" content=\"Tempo de lectura\" \/>\n\t<meta name=\"twitter:data1\" content=\"2 minutos\" \/>\n<script type=\"application\/ld+json\" class=\"yoast-schema-graph\">{\"@context\":\"https:\/\/schema.org\",\"@graph\":[{\"@type\":\"WebPage\",\"@id\":\"https:\/\/focolares.es\/mariapolis\/\",\"url\":\"https:\/\/focolares.es\/mariapolis\/\",\"name\":\"Mari\u00e1polis - Movimiento de los Focolares\",\"isPartOf\":{\"@id\":\"https:\/\/focolares.es\/#website\"},\"primaryImageOfPage\":{\"@id\":\"https:\/\/focolares.es\/mariapolis\/#primaryimage\"},\"image\":{\"@id\":\"https:\/\/focolares.es\/mariapolis\/#primaryimage\"},\"thumbnailUrl\":\"https:\/\/focolares.es\/wp-content\/uploads\/2024\/10\/Dolomitas-055_1024-e1728212863584.jpg\",\"datePublished\":\"2025-03-22T19:52:51+00:00\",\"dateModified\":\"2025-04-02T20:03:02+00:00\",\"description\":\"Espacio de convivencia donde experimentar la fraternidad como una respuesta a los retos de hoy y a la b\u00fasqueda de la felicidad.\",\"breadcrumb\":{\"@id\":\"https:\/\/focolares.es\/mariapolis\/#breadcrumb\"},\"inLanguage\":\"gl-ES\",\"potentialAction\":[{\"@type\":\"ReadAction\",\"target\":[\"https:\/\/focolares.es\/mariapolis\/\"]}]},{\"@type\":\"ImageObject\",\"inLanguage\":\"gl-ES\",\"@id\":\"https:\/\/focolares.es\/mariapolis\/#primaryimage\",\"url\":\"https:\/\/focolares.es\/wp-content\/uploads\/2024\/10\/Dolomitas-055_1024-e1728212863584.jpg\",\"contentUrl\":\"https:\/\/focolares.es\/wp-content\/uploads\/2024\/10\/Dolomitas-055_1024-e1728212863584.jpg\"},{\"@type\":\"BreadcrumbList\",\"@id\":\"https:\/\/focolares.es\/mariapolis\/#breadcrumb\",\"itemListElement\":[{\"@type\":\"ListItem\",\"position\":1,\"name\":\"Portada\",\"item\":\"https:\/\/focolares.es\/\"},{\"@type\":\"ListItem\",\"position\":2,\"name\":\"Mari\u00e1polis\"}]},{\"@type\":\"WebSite\",\"@id\":\"https:\/\/focolares.es\/#website\",\"url\":\"https:\/\/focolares.es\/\",\"name\":\"Movimiento de los Focolares\",\"description\":\"\",\"publisher\":{\"@id\":\"https:\/\/focolares.es\/#organization\"},\"potentialAction\":[{\"@type\":\"SearchAction\",\"target\":{\"@type\":\"EntryPoint\",\"urlTemplate\":\"https:\/\/focolares.es\/?s={search_term_string}\"},\"query-input\":{\"@type\":\"PropertyValueSpecification\",\"valueRequired\":true,\"valueName\":\"search_term_string\"}}],\"inLanguage\":\"gl-ES\"},{\"@type\":\"Organization\",\"@id\":\"https:\/\/focolares.es\/#organization\",\"name\":\"Movimiento de los Focolares\",\"url\":\"https:\/\/focolares.es\/\",\"logo\":{\"@type\":\"ImageObject\",\"inLanguage\":\"gl-ES\",\"@id\":\"https:\/\/focolares.es\/#\/schema\/logo\/image\/\",\"url\":\"https:\/\/focolares.es\/wp-content\/uploads\/2024\/03\/Logo_focolares-1024x944-1.jpg\",\"contentUrl\":\"https:\/\/focolares.es\/wp-content\/uploads\/2024\/03\/Logo_focolares-1024x944-1.jpg\",\"width\":1024,\"height\":944,\"caption\":\"Movimiento de los Focolares\"},\"image\":{\"@id\":\"https:\/\/focolares.es\/#\/schema\/logo\/image\/\"}}]}<\/script>\n<!-- \/ Yoast SEO plugin. -->","yoast_head_json":{"title":"Mar\u00edapolis - Movemento dos Focolares","description":"Espazo de convivencia onde vivir a fraternidade como resposta aos retos actuais e \u00e1 procura da felicidade.","robots":{"index":"index","follow":"follow","max-snippet":"max-snippet:-1","max-image-preview":"max-image-preview:large","max-video-preview":"max-video-preview:-1"},"canonical":"https:\/\/focolares.es\/gl\/mariapolis\/","og_locale":"gl_ES","og_type":"article","og_title":"Mari\u00e1polis - Movimiento de los Focolares","og_description":"Espacio de convivencia donde experimentar la fraternidad como una respuesta a los retos de hoy y a la b\u00fasqueda de la felicidad.","og_url":"https:\/\/focolares.es\/gl\/mariapolis\/","og_site_name":"Movimiento de los Focolares","article_modified_time":"2025-04-02T20:03:02+00:00","og_image":[{"width":1024,"height":622,"url":"https:\/\/focolares.es\/wp-content\/uploads\/2024\/10\/Dolomitas-055_1024-e1728212863584.jpg","type":"image\/jpeg"}],"twitter_card":"summary_large_image","twitter_misc":{"Tempo de lectura":"2 minutos"},"schema":{"@context":"https:\/\/schema.org","@graph":[{"@type":"WebPage","@id":"https:\/\/focolares.es\/mariapolis\/","url":"https:\/\/focolares.es\/mariapolis\/","name":"Mar\u00edapolis - Movemento dos Focolares","isPartOf":{"@id":"https:\/\/focolares.es\/#website"},"primaryImageOfPage":{"@id":"https:\/\/focolares.es\/mariapolis\/#primaryimage"},"image":{"@id":"https:\/\/focolares.es\/mariapolis\/#primaryimage"},"thumbnailUrl":"https:\/\/focolares.es\/wp-content\/uploads\/2024\/10\/Dolomitas-055_1024-e1728212863584.jpg","datePublished":"2025-03-22T19:52:51+00:00","dateModified":"2025-04-02T20:03:02+00:00","description":"Espazo de convivencia onde vivir a fraternidade como resposta aos retos actuais e \u00e1 procura da felicidade.","breadcrumb":{"@id":"https:\/\/focolares.es\/mariapolis\/#breadcrumb"},"inLanguage":"gl-ES","potentialAction":[{"@type":"ReadAction","target":["https:\/\/focolares.es\/mariapolis\/"]}]},{"@type":"ImageObject","inLanguage":"gl-ES","@id":"https:\/\/focolares.es\/mariapolis\/#primaryimage","url":"https:\/\/focolares.es\/wp-content\/uploads\/2024\/10\/Dolomitas-055_1024-e1728212863584.jpg","contentUrl":"https:\/\/focolares.es\/wp-content\/uploads\/2024\/10\/Dolomitas-055_1024-e1728212863584.jpg"},{"@type":"BreadcrumbList","@id":"https:\/\/focolares.es\/mariapolis\/#breadcrumb","itemListElement":[{"@type":"ListItem","position":1,"name":"Portada","item":"https:\/\/focolares.es\/"},{"@type":"ListItem","position":2,"name":"Mari\u00e1polis"}]},{"@type":"WebSite","@id":"https:\/\/focolares.es\/#website","url":"https:\/\/focolares.es\/","name":"Movemento dos Focolares","description":"","publisher":{"@id":"https:\/\/focolares.es\/#organization"},"potentialAction":[{"@type":"SearchAction","target":{"@type":"EntryPoint","urlTemplate":"https:\/\/focolares.es\/?s={search_term_string}"},"query-input":{"@type":"PropertyValueSpecification","valueRequired":true,"valueName":"search_term_string"}}],"inLanguage":"gl-ES"},{"@type":"Organization","@id":"https:\/\/focolares.es\/#organization","name":"Movemento dos Focolares","url":"https:\/\/focolares.es\/","logo":{"@type":"ImageObject","inLanguage":"gl-ES","@id":"https:\/\/focolares.es\/#\/schema\/logo\/image\/","url":"https:\/\/focolares.es\/wp-content\/uploads\/2024\/03\/Logo_focolares-1024x944-1.jpg","contentUrl":"https:\/\/focolares.es\/wp-content\/uploads\/2024\/03\/Logo_focolares-1024x944-1.jpg","width":1024,"height":944,"caption":"Movimiento de los Focolares"},"image":{"@id":"https:\/\/focolares.es\/#\/schema\/logo\/image\/"}}]}},"ticketed":false,"_links":{"self":[{"href":"https:\/\/focolares.es\/gl\/wp-json\/wp\/v2\/pages\/15700","targetHints":{"allow":["GET"]}}],"collection":[{"href":"https:\/\/focolares.es\/gl\/wp-json\/wp\/v2\/pages"}],"about":[{"href":"https:\/\/focolares.es\/gl\/wp-json\/wp\/v2\/types\/page"}],"author":[{"embeddable":true,"href":"https:\/\/focolares.es\/gl\/wp-json\/wp\/v2\/users\/1"}],"replies":[{"embeddable":true,"href":"https:\/\/focolares.es\/gl\/wp-json\/wp\/v2\/comments?post=15700"}],"version-history":[{"count":2,"href":"https:\/\/focolares.es\/gl\/wp-json\/wp\/v2\/pages\/15700\/revisions"}],"predecessor-version":[{"id":15826,"href":"https:\/\/focolares.es\/gl\/wp-json\/wp\/v2\/pages\/15700\/revisions\/15826"}],"wp:attachment":[{"href":"https:\/\/focolares.es\/gl\/wp-json\/wp\/v2\/media?parent=15700"}],"curies":[{"name":"wp","href":"https:\/\/api.w.org\/{rel}","templated":true}]}}